{"id":252,"date":"2021-04-28T12:15:25","date_gmt":"2021-04-28T12:15:25","guid":{"rendered":"https:\/\/www.puremontagneresort.fr\/home\/la-vesubie-camp-de-base-du-chevalier-victor-de-cessole-1859-1941\/"},"modified":"2021-06-08T13:30:10","modified_gmt":"2021-06-08T13:30:10","slug":"vesubie-the-base-camp-for-chevalier-victor-de-cessole-1859-1941","status":"publish","type":"page","link":"https:\/\/www.puremontagneresort.fr\/en\/home\/vesubie-the-base-camp-for-chevalier-victor-de-cessole-1859-1941\/","title":{"rendered":"V\u00e9subie: the &#8220;base camp&#8221; for Chevalier Victor de Cessole (1859-1941)"},"content":{"rendered":"<p style=\"text-align: center;\"><span style=\"font-weight: 400;\">Chevalier Victor de Cessole was born in Nice in 1859. He was an erudite man passionate about botany, mineralogy and photography. In 1889, he joined the French Alpine Club and discovered the beauty and majesty of the peaks from La Madone des Fenestres sanctuary above Saint-Martin-V\u00e9subie.<\/span><\/p>\n<p style=\"text-align: center;\"><span style=\"font-weight: 400;\">Cessole went on to devote his life to making the mountains more accessible. In the summer months, he roamed the mountains in the Pays Mentonnais and Le Bor\u00e9on areas in search of villages and their traditions. <\/span><br \/>\n<span style=\"font-weight: 400;\">In this period, the mountains were controlled by the military and often subject to diplomatic tensions between France and Italy, especially in the Maritime Alps. However, Cessole and the Alpine Club managed to become well-known and accepted on both sides of the border, involving the military in their initiatives and discoveries.<\/span><\/p>\n<p style=\"text-align: center;\"><span style=\"font-weight: 400;\">Cessole conquered the highest peaks in the Maritime Alps and Argentera, and opened up the first routes in the area before turning his attention to the Alps.<\/span><\/p>\n<p style=\"text-align: center;\"><span style=\"font-weight: 400;\">He recounted his expeditions in articles and photographs of the peaks and villages of V\u00e9subie and the Mercantour. He made friends with mountaineering celebrities and carried out a range of initiatives to make the mountains more accessible to the public. Meetings and group outings raised people&#8217;s awareness. Teenagers on school trips experienced the satisfaction of hard work and the wonders of nature. Cessole also opened various mountain huts in V\u00e9subie, Gordolasque, Tin\u00e9e and Le Bor\u00e9on. <\/span><\/p>\n<p style=\"text-align: center;\"><span style=\"font-weight: 400;\">On the back of his experience in the Hautes-Alpes, he tackled the winter in Tin\u00e9e and V\u00e9subie. The wintertime and snow no longer seemed insurmountable to him. They had simply become a new problem for him to solve in order to enjoy the mountains all year round.<\/span><\/p>\n<p style=\"text-align: center;\"><span style=\"font-weight: 400;\">He launched the first &#8220;winter sports&#8221; in 1909, organising a skiing competition at Col de Turini\/Camp d&#8217;Argent with help from the Norwegian champion Durban Hansen, Junod from Switzerland and mountain infantrymen who had local barracks. <\/span><\/p>\n<p style=\"text-align: center;\"><span style=\"font-weight: 400;\">With the mountains made more accessible, hiker numbers increased. Villages opened up due to the new routes, which attracted people who were poorly educated or unaware of this natural environment&#8217;s fragility. Keen to protect local plant life, Cessole fought for flower-picking to be banned in the mountains. Inspired by the Chamonix Guides&#8217; Company (created in 1821), he championed hikes with local guides. <\/span><\/p>\n<p style=\"text-align: center;\"><span style=\"font-weight: 400;\">In the late 1920s, mountaineering technique was improved with espadrilles, pitons and carabiners introduced to the Maritime Alps area by Italian sportsmen. New higher and riskier routes opened up. To keep the growing numbers of mountaineers safe, Cessole pioneered the first mountain rescue service from 1930. <\/span><\/p>\n<p style=\"text-align: center;\"><span style=\"font-weight: 400;\">He was much admired by the mountaineering community. Today, a 2915 m peak in the Mercantour area, which he climbed in 1901, is named after him as a tribute.<\/span><\/p>\n<p style=\"text-align: center;\"><span style=\"font-weight: 400;\">This mountain culture underpins our Resort&#8217;s design, our wants and our decisions. Each and every apartment pays tribute to Cessole&#8217;s alpine adventures.<\/span><\/p>\n","protected":false},"excerpt":{"rendered":"<p>Chevalier Victor de Cessole was born in Nice in 1859. He was an erudite man passionate about botany, mineralogy and photography. In 1889, he joined the French Alpine Club and discovered the beauty and majesty of the peaks from La Madone des Fenestres sanctuary above Saint-Martin-V\u00e9subie. Cessole went on to devote his life to making [&hellip;]<\/p>\n","protected":false},"author":46,"featured_media":0,"parent":222,"menu_order":0,"comment_status":"closed","ping_status":"closed","template":"","meta":{"footnotes":""},"class_list":["post-252","page","type-page","status-publish","hentry"],"yoast_head":"<!-- This site is optimized with the Yoast SEO plugin v26.9 - https:\/\/yoast.com\/product\/yoast-seo-wordpress\/ -->\n<title>V\u00e9subie: the &quot;base camp&quot; for Chevalier Victor de Cessole (1859-1941) - Pure Montagne Resort &amp; Spa<\/title>\n<meta name=\"description\" content=\"Chevalier Victor de Cessole was born in Nice in 1859. He was an erudite man passionate about botany, mineralogy and photography. In 1889, he joined the\" \/>\n<meta name=\"robots\" content=\"index, follow, max-snippet:-1, max-image-preview:large, max-video-preview:-1\" \/>\n<link rel=\"canonical\" href=\"https:\/\/www.puremontagneresort.fr\/en\/home\/vesubie-the-base-camp-for-chevalier-victor-de-cessole-1859-1941\/\" \/>\n<meta property=\"og:locale\" content=\"en_US\" \/>\n<meta property=\"og:type\" content=\"article\" \/>\n<meta property=\"og:title\" content=\"V\u00e9subie: the &quot;base camp&quot; for Chevalier Victor de Cessole (1859-1941) - Pure Montagne Resort &amp; Spa\" \/>\n<meta property=\"og:description\" content=\"Chevalier Victor de Cessole was born in Nice in 1859. He was an erudite man passionate about botany, mineralogy and photography. In 1889, he joined the\" \/>\n<meta property=\"og:url\" content=\"https:\/\/www.puremontagneresort.fr\/en\/home\/vesubie-the-base-camp-for-chevalier-victor-de-cessole-1859-1941\/\" \/>\n<meta property=\"og:site_name\" content=\"Pure Montagne Resort &amp; Spa\" \/>\n<meta property=\"article:modified_time\" content=\"2021-06-08T13:30:10+00:00\" \/>\n<meta name=\"twitter:card\" content=\"summary_large_image\" \/>\n<meta name=\"twitter:label1\" content=\"Est. reading time\" \/>\n\t<meta name=\"twitter:data1\" content=\"2 minutes\" \/>\n<script type=\"application\/ld+json\" class=\"yoast-schema-graph\">{\"@context\":\"https:\/\/schema.org\",\"@graph\":[{\"@type\":\"WebPage\",\"@id\":\"https:\/\/www.puremontagneresort.fr\/en\/home\/vesubie-the-base-camp-for-chevalier-victor-de-cessole-1859-1941\/\",\"url\":\"https:\/\/www.puremontagneresort.fr\/en\/home\/vesubie-the-base-camp-for-chevalier-victor-de-cessole-1859-1941\/\",\"name\":\"V\u00e9subie: the \\\"base camp\\\" for Chevalier Victor de Cessole (1859-1941) - Pure Montagne Resort &amp; Spa\",\"isPartOf\":{\"@id\":\"https:\/\/www.puremontagneresort.fr\/en\/#website\"},\"datePublished\":\"2021-04-28T12:15:25+00:00\",\"dateModified\":\"2021-06-08T13:30:10+00:00\",\"description\":\"Chevalier Victor de Cessole was born in Nice in 1859. He was an erudite man passionate about botany, mineralogy and photography. In 1889, he joined the\",\"breadcrumb\":{\"@id\":\"https:\/\/www.puremontagneresort.fr\/en\/home\/vesubie-the-base-camp-for-chevalier-victor-de-cessole-1859-1941\/#breadcrumb\"},\"inLanguage\":\"en-US\",\"potentialAction\":[{\"@type\":\"ReadAction\",\"target\":[\"https:\/\/www.puremontagneresort.fr\/en\/home\/vesubie-the-base-camp-for-chevalier-victor-de-cessole-1859-1941\/\"]}]},{\"@type\":\"BreadcrumbList\",\"@id\":\"https:\/\/www.puremontagneresort.fr\/en\/home\/vesubie-the-base-camp-for-chevalier-victor-de-cessole-1859-1941\/#breadcrumb\",\"itemListElement\":[{\"@type\":\"ListItem\",\"position\":1,\"name\":\"Home\",\"item\":\"https:\/\/www.puremontagneresort.fr\/en\/\"},{\"@type\":\"ListItem\",\"position\":2,\"name\":\"Pure Montagne Resort &amp; Spa ****\",\"item\":\"https:\/\/www.puremontagneresort.fr\/en\/\"},{\"@type\":\"ListItem\",\"position\":3,\"name\":\"V\u00e9subie: the &#8220;base camp&#8221; for Chevalier Victor de Cessole (1859-1941)\"}]},{\"@type\":\"WebSite\",\"@id\":\"https:\/\/www.puremontagneresort.fr\/en\/#website\",\"url\":\"https:\/\/www.puremontagneresort.fr\/en\/\",\"name\":\"Pure Montagne Resort &amp; Spa\",\"description\":\"\",\"potentialAction\":[{\"@type\":\"SearchAction\",\"target\":{\"@type\":\"EntryPoint\",\"urlTemplate\":\"https:\/\/www.puremontagneresort.fr\/en\/?s={search_term_string}\"},\"query-input\":{\"@type\":\"PropertyValueSpecification\",\"valueRequired\":true,\"valueName\":\"search_term_string\"}}],\"inLanguage\":\"en-US\"}]}<\/script>\n<!-- \/ Yoast SEO plugin. -->","yoast_head_json":{"title":"V\u00e9subie: the \"base camp\" for Chevalier Victor de Cessole (1859-1941) - Pure Montagne Resort &amp; Spa","description":"Chevalier Victor de Cessole was born in Nice in 1859. He was an erudite man passionate about botany, mineralogy and photography. In 1889, he joined the","robots":{"index":"index","follow":"follow","max-snippet":"max-snippet:-1","max-image-preview":"max-image-preview:large","max-video-preview":"max-video-preview:-1"},"canonical":"https:\/\/www.puremontagneresort.fr\/en\/home\/vesubie-the-base-camp-for-chevalier-victor-de-cessole-1859-1941\/","og_locale":"en_US","og_type":"article","og_title":"V\u00e9subie: the \"base camp\" for Chevalier Victor de Cessole (1859-1941) - Pure Montagne Resort &amp; Spa","og_description":"Chevalier Victor de Cessole was born in Nice in 1859. He was an erudite man passionate about botany, mineralogy and photography. In 1889, he joined the","og_url":"https:\/\/www.puremontagneresort.fr\/en\/home\/vesubie-the-base-camp-for-chevalier-victor-de-cessole-1859-1941\/","og_site_name":"Pure Montagne Resort &amp; Spa","article_modified_time":"2021-06-08T13:30:10+00:00","twitter_card":"summary_large_image","twitter_misc":{"Est. reading time":"2 minutes"},"schema":{"@context":"https:\/\/schema.org","@graph":[{"@type":"WebPage","@id":"https:\/\/www.puremontagneresort.fr\/en\/home\/vesubie-the-base-camp-for-chevalier-victor-de-cessole-1859-1941\/","url":"https:\/\/www.puremontagneresort.fr\/en\/home\/vesubie-the-base-camp-for-chevalier-victor-de-cessole-1859-1941\/","name":"V\u00e9subie: the \"base camp\" for Chevalier Victor de Cessole (1859-1941) - Pure Montagne Resort &amp; Spa","isPartOf":{"@id":"https:\/\/www.puremontagneresort.fr\/en\/#website"},"datePublished":"2021-04-28T12:15:25+00:00","dateModified":"2021-06-08T13:30:10+00:00","description":"Chevalier Victor de Cessole was born in Nice in 1859. He was an erudite man passionate about botany, mineralogy and photography. In 1889, he joined the","breadcrumb":{"@id":"https:\/\/www.puremontagneresort.fr\/en\/home\/vesubie-the-base-camp-for-chevalier-victor-de-cessole-1859-1941\/#breadcrumb"},"inLanguage":"en-US","potentialAction":[{"@type":"ReadAction","target":["https:\/\/www.puremontagneresort.fr\/en\/home\/vesubie-the-base-camp-for-chevalier-victor-de-cessole-1859-1941\/"]}]},{"@type":"BreadcrumbList","@id":"https:\/\/www.puremontagneresort.fr\/en\/home\/vesubie-the-base-camp-for-chevalier-victor-de-cessole-1859-1941\/#breadcrumb","itemListElement":[{"@type":"ListItem","position":1,"name":"Home","item":"https:\/\/www.puremontagneresort.fr\/en\/"},{"@type":"ListItem","position":2,"name":"Pure Montagne Resort &amp; Spa ****","item":"https:\/\/www.puremontagneresort.fr\/en\/"},{"@type":"ListItem","position":3,"name":"V\u00e9subie: the &#8220;base camp&#8221; for Chevalier Victor de Cessole (1859-1941)"}]},{"@type":"WebSite","@id":"https:\/\/www.puremontagneresort.fr\/en\/#website","url":"https:\/\/www.puremontagneresort.fr\/en\/","name":"Pure Montagne Resort &amp; Spa","description":"","potentialAction":[{"@type":"SearchAction","target":{"@type":"EntryPoint","urlTemplate":"https:\/\/www.puremontagneresort.fr\/en\/?s={search_term_string}"},"query-input":{"@type":"PropertyValueSpecification","valueRequired":true,"valueName":"search_term_string"}}],"inLanguage":"en-US"}]}},"acf":[],"_links":{"self":[{"href":"https:\/\/www.puremontagneresort.fr\/en\/wp-json\/wp\/v2\/pages\/252","targetHints":{"allow":["GET"]}}],"collection":[{"href":"https:\/\/www.puremontagneresort.fr\/en\/wp-json\/wp\/v2\/pages"}],"about":[{"href":"https:\/\/www.puremontagneresort.fr\/en\/wp-json\/wp\/v2\/types\/page"}],"author":[{"embeddable":true,"href":"https:\/\/www.puremontagneresort.fr\/en\/wp-json\/wp\/v2\/users\/46"}],"replies":[{"embeddable":true,"href":"https:\/\/www.puremontagneresort.fr\/en\/wp-json\/wp\/v2\/comments?post=252"}],"version-history":[{"count":0,"href":"https:\/\/www.puremontagneresort.fr\/en\/wp-json\/wp\/v2\/pages\/252\/revisions"}],"up":[{"embeddable":true,"href":"https:\/\/www.puremontagneresort.fr\/en\/wp-json\/wp\/v2\/pages\/222"}],"wp:attachment":[{"href":"https:\/\/www.puremontagneresort.fr\/en\/wp-json\/wp\/v2\/media?parent=252"}],"curies":[{"name":"wp","href":"https:\/\/api.w.org\/{rel}","templated":true}]}}